{"id":18,"date":"2025-02-25T11:59:12","date_gmt":"2025-02-25T10:59:12","guid":{"rendered":"http:\/\/aureliecoste.com\/?page_id=18"},"modified":"2025-03-26T12:43:56","modified_gmt":"2025-03-26T11:43:56","slug":"accompagnement-des-seniors","status":"publish","type":"page","link":"https:\/\/aureliecoste.com\/index.php\/accompagnement-des-seniors\/","title":{"rendered":"Accompagnement des s\u00e9niors"},"content":{"rendered":"\n\n\n\n\n\n\n\n","protected":false},"excerpt":{"rendered":"","protected":false},"author":1,"featured_media":0,"parent":0,"menu_order":0,"comment_status":"closed","ping_status":"closed","template":"","meta":{"saved_in_kubio":true,"footnotes":""},"class_list":["post-18","page","type-page","status-publish","hentry"],"blocksy_meta":[],"kubio_ai_page_context":{"short_desc":"","purpose":"general"},"yoast_head":"<!-- This site is optimized with the Yoast SEO plugin v26.8 - https:\/\/yoast.com\/product\/yoast-seo-wordpress\/ -->\n<title>Accompagnement des s\u00e9niors - Aur\u00e9lie Coste<\/title>\n<meta name=\"robots\" content=\"index, follow, max-snippet:-1, max-image-preview:large, max-video-preview:-1\" \/>\n<link rel=\"canonical\" href=\"https:\/\/aureliecoste.com\/index.php\/accompagnement-des-seniors\/\" \/>\n<meta property=\"og:locale\" content=\"fr_FR\" \/>\n<meta property=\"og:type\" content=\"article\" \/>\n<meta property=\"og:title\" content=\"Accompagnement des s\u00e9niors - Aur\u00e9lie Coste\" \/>\n<meta property=\"og:url\" content=\"https:\/\/aureliecoste.com\/index.php\/accompagnement-des-seniors\/\" \/>\n<meta property=\"og:site_name\" content=\"Aur\u00e9lie Coste\" \/>\n<meta property=\"article:publisher\" content=\"https:\/\/www.facebook.com\/profile.php?id=61573583651172&amp;rdid=Ax5R90F4gKAJZft6&amp;share_url=httpswww.facebook.comshare1675jnXVT3#\" \/>\n<meta property=\"article:modified_time\" content=\"2025-03-26T11:43:56+00:00\" \/>\n<meta name=\"twitter:card\" content=\"summary_large_image\" \/>\n<meta name=\"twitter:label1\" content=\"Dur\u00e9e de lecture estim\u00e9e\" \/>\n\t<meta name=\"twitter:data1\" content=\"2 minutes\" \/>\n<script type=\"application\/ld+json\" class=\"yoast-schema-graph\">{\"@context\":\"https:\/\/schema.org\",\"@graph\":[{\"@type\":\"WebPage\",\"@id\":\"https:\/\/aureliecoste.com\/index.php\/accompagnement-des-seniors\/\",\"url\":\"https:\/\/aureliecoste.com\/index.php\/accompagnement-des-seniors\/\",\"name\":\"Accompagnement des s\u00e9niors - Aur\u00e9lie Coste\",\"isPartOf\":{\"@id\":\"https:\/\/aureliecoste.com\/#website\"},\"datePublished\":\"2025-02-25T10:59:12+00:00\",\"dateModified\":\"2025-03-26T11:43:56+00:00\",\"breadcrumb\":{\"@id\":\"https:\/\/aureliecoste.com\/index.php\/accompagnement-des-seniors\/#breadcrumb\"},\"inLanguage\":\"fr-FR\",\"potentialAction\":[{\"@type\":\"ReadAction\",\"target\":[\"https:\/\/aureliecoste.com\/index.php\/accompagnement-des-seniors\/\"]}]},{\"@type\":\"BreadcrumbList\",\"@id\":\"https:\/\/aureliecoste.com\/index.php\/accompagnement-des-seniors\/#breadcrumb\",\"itemListElement\":[{\"@type\":\"ListItem\",\"position\":1,\"name\":\"Accueil\",\"item\":\"https:\/\/aureliecoste.com\/\"},{\"@type\":\"ListItem\",\"position\":2,\"name\":\"Accompagnement des s\u00e9niors\"}]},{\"@type\":\"WebSite\",\"@id\":\"https:\/\/aureliecoste.com\/#website\",\"url\":\"https:\/\/aureliecoste.com\/\",\"name\":\"Aur\u00e9lie Coste\",\"description\":\"Educatrice sp\u00e9cialis\u00e9e lib\u00e9rale &amp; Job coach Montpellier\",\"publisher\":{\"@id\":\"https:\/\/aureliecoste.com\/#\/schema\/person\/75ec84725afc677e7b944ebc458b2174\"},\"alternateName\":\"Educ Montpellier\",\"potentialAction\":[{\"@type\":\"SearchAction\",\"target\":{\"@type\":\"EntryPoint\",\"urlTemplate\":\"https:\/\/aureliecoste.com\/?s={search_term_string}\"},\"query-input\":{\"@type\":\"PropertyValueSpecification\",\"valueRequired\":true,\"valueName\":\"search_term_string\"}}],\"inLanguage\":\"fr-FR\"},{\"@type\":[\"Person\",\"Organization\"],\"@id\":\"https:\/\/aureliecoste.com\/#\/schema\/person\/75ec84725afc677e7b944ebc458b2174\",\"name\":\"admin2523\",\"image\":{\"@type\":\"ImageObject\",\"inLanguage\":\"fr-FR\",\"@id\":\"https:\/\/aureliecoste.com\/#\/schema\/person\/image\/\",\"url\":\"https:\/\/aureliecoste.com\/wp-content\/uploads\/2025\/03\/ffde59-2-1.png\",\"contentUrl\":\"https:\/\/aureliecoste.com\/wp-content\/uploads\/2025\/03\/ffde59-2-1.png\",\"width\":500,\"height\":500,\"caption\":\"admin2523\"},\"logo\":{\"@id\":\"https:\/\/aureliecoste.com\/#\/schema\/person\/image\/\"},\"sameAs\":[\"http:\/\/aureliecoste.com\",\"https:\/\/www.facebook.com\/profile.php?id=61573583651172&rdid=Ax5R90F4gKAJZft6&share_url=httpswww.facebook.comshare1675jnXVT3#\",\"https:\/\/www.instagram.com\/aureliecoste_educ_liberale\/\",\"https:\/\/www.linkedin.com\/in\/aurlie-coste-0aa53b9b\/\"]}]}<\/script>\n<!-- \/ Yoast SEO plugin. -->","yoast_head_json":{"title":"Accompagnement des s\u00e9niors - Aur\u00e9lie Coste","robots":{"index":"index","follow":"follow","max-snippet":"max-snippet:-1","max-image-preview":"max-image-preview:large","max-video-preview":"max-video-preview:-1"},"canonical":"https:\/\/aureliecoste.com\/index.php\/accompagnement-des-seniors\/","og_locale":"fr_FR","og_type":"article","og_title":"Accompagnement des s\u00e9niors - Aur\u00e9lie Coste","og_url":"https:\/\/aureliecoste.com\/index.php\/accompagnement-des-seniors\/","og_site_name":"Aur\u00e9lie Coste","article_publisher":"https:\/\/www.facebook.com\/profile.php?id=61573583651172&rdid=Ax5R90F4gKAJZft6&share_url=httpswww.facebook.comshare1675jnXVT3#","article_modified_time":"2025-03-26T11:43:56+00:00","twitter_card":"summary_large_image","twitter_misc":{"Dur\u00e9e de lecture estim\u00e9e":"2 minutes"},"schema":{"@context":"https:\/\/schema.org","@graph":[{"@type":"WebPage","@id":"https:\/\/aureliecoste.com\/index.php\/accompagnement-des-seniors\/","url":"https:\/\/aureliecoste.com\/index.php\/accompagnement-des-seniors\/","name":"Accompagnement des s\u00e9niors - Aur\u00e9lie Coste","isPartOf":{"@id":"https:\/\/aureliecoste.com\/#website"},"datePublished":"2025-02-25T10:59:12+00:00","dateModified":"2025-03-26T11:43:56+00:00","breadcrumb":{"@id":"https:\/\/aureliecoste.com\/index.php\/accompagnement-des-seniors\/#breadcrumb"},"inLanguage":"fr-FR","potentialAction":[{"@type":"ReadAction","target":["https:\/\/aureliecoste.com\/index.php\/accompagnement-des-seniors\/"]}]},{"@type":"BreadcrumbList","@id":"https:\/\/aureliecoste.com\/index.php\/accompagnement-des-seniors\/#breadcrumb","itemListElement":[{"@type":"ListItem","position":1,"name":"Accueil","item":"https:\/\/aureliecoste.com\/"},{"@type":"ListItem","position":2,"name":"Accompagnement des s\u00e9niors"}]},{"@type":"WebSite","@id":"https:\/\/aureliecoste.com\/#website","url":"https:\/\/aureliecoste.com\/","name":"Aur\u00e9lie Coste","description":"Educatrice sp\u00e9cialis\u00e9e lib\u00e9rale &amp; Job coach Montpellier","publisher":{"@id":"https:\/\/aureliecoste.com\/#\/schema\/person\/75ec84725afc677e7b944ebc458b2174"},"alternateName":"Educ Montpellier","potentialAction":[{"@type":"SearchAction","target":{"@type":"EntryPoint","urlTemplate":"https:\/\/aureliecoste.com\/?s={search_term_string}"},"query-input":{"@type":"PropertyValueSpecification","valueRequired":true,"valueName":"search_term_string"}}],"inLanguage":"fr-FR"},{"@type":["Person","Organization"],"@id":"https:\/\/aureliecoste.com\/#\/schema\/person\/75ec84725afc677e7b944ebc458b2174","name":"admin2523","image":{"@type":"ImageObject","inLanguage":"fr-FR","@id":"https:\/\/aureliecoste.com\/#\/schema\/person\/image\/","url":"https:\/\/aureliecoste.com\/wp-content\/uploads\/2025\/03\/ffde59-2-1.png","contentUrl":"https:\/\/aureliecoste.com\/wp-content\/uploads\/2025\/03\/ffde59-2-1.png","width":500,"height":500,"caption":"admin2523"},"logo":{"@id":"https:\/\/aureliecoste.com\/#\/schema\/person\/image\/"},"sameAs":["http:\/\/aureliecoste.com","https:\/\/www.facebook.com\/profile.php?id=61573583651172&rdid=Ax5R90F4gKAJZft6&share_url=httpswww.facebook.comshare1675jnXVT3#","https:\/\/www.instagram.com\/aureliecoste_educ_liberale\/","https:\/\/www.linkedin.com\/in\/aurlie-coste-0aa53b9b\/"]}]}},"jetpack_sharing_enabled":true,"_links":{"self":[{"href":"https:\/\/aureliecoste.com\/index.php\/wp-json\/wp\/v2\/pages\/18","targetHints":{"allow":["GET"]}}],"collection":[{"href":"https:\/\/aureliecoste.com\/index.php\/wp-json\/wp\/v2\/pages"}],"about":[{"href":"https:\/\/aureliecoste.com\/index.php\/wp-json\/wp\/v2\/types\/page"}],"author":[{"embeddable":true,"href":"https:\/\/aureliecoste.com\/index.php\/wp-json\/wp\/v2\/users\/1"}],"replies":[{"embeddable":true,"href":"https:\/\/aureliecoste.com\/index.php\/wp-json\/wp\/v2\/comments?post=18"}],"version-history":[{"count":32,"href":"https:\/\/aureliecoste.com\/index.php\/wp-json\/wp\/v2\/pages\/18\/revisions"}],"predecessor-version":[{"id":1026,"href":"https:\/\/aureliecoste.com\/index.php\/wp-json\/wp\/v2\/pages\/18\/revisions\/1026"}],"wp:attachment":[{"href":"https:\/\/aureliecoste.com\/index.php\/wp-json\/wp\/v2\/media?parent=18"}],"curies":[{"name":"wp","href":"https:\/\/api.w.org\/{rel}","templated":true}]}}